{"id":1624,"date":"2024-10-16T13:54:15","date_gmt":"2024-10-16T12:54:15","guid":{"rendered":"https:\/\/www.ucs.abe.kth.se\/?page_id=1624"},"modified":"2024-10-21T09:51:24","modified_gmt":"2024-10-21T08:51:24","slug":"enkat-till-boende-jm-2","status":"publish","type":"page","link":"https:\/\/www.ucs.abe.kth.se\/?page_id=1624","title":{"rendered":"Enk\u00e4t till boende_JM_2"},"content":{"rendered":"\t\t<div data-elementor-type=\"wp-page\" data-elementor-id=\"1624\" class=\"elementor elementor-1624\" data-elementor-post-type=\"page\">\n\t\t\t\t\t\t<section class=\"elementor-section elementor-top-section elementor-element elementor-element-72037f01 elementor-section-boxed elementor-section-height-default elementor-section-height-default\" data-id=\"72037f01\" data-element_type=\"section\" data-e-type=\"section\">\n\t\t\t\t\t\t<div class=\"elementor-container elementor-column-gap-default\">\n\t\t\t\t\t<div class=\"elementor-column elementor-col-100 elementor-top-column elementor-element elementor-element-713b279e\" data-id=\"713b279e\" data-element_type=\"column\" data-e-type=\"column\">\n\t\t\t<div class=\"elementor-widget-wrap elementor-element-populated\">\n\t\t\t\t\t\t<div class=\"elementor-element elementor-element-5e1ac5a8 elementor-widget elementor-widget-text-editor\" data-id=\"5e1ac5a8\" data-element_type=\"widget\" data-e-type=\"widget\" data-widget_type=\"text-editor.default\">\n\t\t\t\t<div class=\"elementor-widget-container\">\n\t\t\t\t\t\t\t\t\t\n<p><\/p>\n\n\n\t\t\t\t\t\t\t\t<\/div>\n\t\t\t\t<\/div>\n\t\t\t\t\t<\/div>\n\t\t<\/div>\n\t\t\t\t\t<\/div>\n\t\t<\/section>\n\t\t\t\t<section class=\"elementor-section elementor-top-section elementor-element elementor-element-7cf2260 elementor-section-boxed elementor-section-height-default elementor-section-height-default\" data-id=\"7cf2260\" data-element_type=\"section\" data-e-type=\"section\">\n\t\t\t\t\t\t<div class=\"elementor-container elementor-column-gap-default\">\n\t\t\t\t\t<div class=\"elementor-column elementor-col-100 elementor-top-column elementor-element elementor-element-d5008fc\" data-id=\"d5008fc\" data-element_type=\"column\" data-e-type=\"column\">\n\t\t\t<div class=\"elementor-widget-wrap elementor-element-populated\">\n\t\t\t\t\t\t<div class=\"elementor-element elementor-element-478b351 elementor-widget elementor-widget-heading\" data-id=\"478b351\" data-element_type=\"widget\" data-e-type=\"widget\" data-widget_type=\"heading.default\">\n\t\t\t\t<div class=\"elementor-widget-container\">\n\t\t\t\t\t<h2 class=\"elementor-heading-title elementor-size-default\"><h2 data-elementor-setting-key=\"title\" data-pen-placeholder=\"Type Here...\" style=\"font-style: normal;font-weight: var( --e-global-typography-primary-font-weight );font-family: var( --e-global-typography-primary-font-family ), Sans-serif\">Din boendeupplevelse och trygghet<span style=\"color: var( --e-global-color-primary );font-family: var( --e-global-typography-primary-font-family ), Sans-serif;font-size: 1.875rem;font-style: inherit;font-weight: var( --e-global-typography-primary-font-weight );background-color: var(--ast-global-color-5)\"><\/span><\/h2><\/h2>\t\t\t\t<\/div>\n\t\t\t\t<\/div>\n\t\t\t\t\t<\/div>\n\t\t<\/div>\n\t\t\t\t\t<\/div>\n\t\t<\/section>\n\t\t\t\t<section class=\"elementor-section elementor-top-section elementor-element elementor-element-d99866b elementor-section-boxed elementor-section-height-default elementor-section-height-default\" data-id=\"d99866b\" data-element_type=\"section\" data-e-type=\"section\">\n\t\t\t\t\t\t<div class=\"elementor-container elementor-column-gap-default\">\n\t\t\t\t\t<div class=\"elementor-column elementor-col-100 elementor-top-column elementor-element elementor-element-171b281\" data-id=\"171b281\" data-element_type=\"column\" data-e-type=\"column\">\n\t\t\t<div class=\"elementor-widget-wrap elementor-element-populated\">\n\t\t\t\t\t\t<div class=\"elementor-element elementor-element-72e0f2e elementor-widget elementor-widget-text-editor\" data-id=\"72e0f2e\" data-element_type=\"widget\" data-e-type=\"widget\" data-widget_type=\"text-editor.default\">\n\t\t\t\t<div class=\"elementor-widget-container\">\n\t\t\t\t\t\t\t\t\t<p style=\"font-size: 16px;font-style: normal;font-weight: 400;margin-top: 1em;margin-bottom: 1em;color: #565656;line-height: 1.5\"><span style=\"font-weight: bold;margin: 0px;padding: 0px\">Tack f\u00f6r att du deltar i v\u00e5r enk\u00e4t! Syftet med den h\u00e4r studien \u00e4r att unders\u00f6ka betydelsen av fastighetsf\u00f6rvaltningen f\u00f6r s\u00e4kerheten och tryggheten i bostadsomr\u00e5den.<\/span><\/p>\n<p style=\"font-size: 16px;font-style: normal;font-weight: 400;margin-top: 1em;margin-bottom: 1em;color: #565656;line-height: 1.5\">Vi vill f\u00f6rst\u00e5 hur du upplever din bostad och tryggheten i ditt omr\u00e5de. Svaren \u00e4r\u00a0<span style=\"font-weight: bold\">helt<\/span>\u00a0<span style=\"font-weight: bold;margin: 0px;padding: 0px\">anonyma<\/span>, och enk\u00e4ten tar\u00a0<span style=\"font-weight: bold;margin: 0px;padding: 0px\">max 10 minuter<\/span>\u00a0att genomf\u00f6ra. Dina svar \u00e4r avg\u00f6rande f\u00f6r att skapa en b\u00e4ttre milj\u00f6 f\u00f6r alla boende.<\/p>\n<p style=\"font-size: 16px;font-style: normal;font-weight: 400;margin-top: 1em;margin-bottom: 1em;color: #565656;line-height: 1.5\">Detta forskningsprojekt \u00e4r godk\u00e4nt av Etikpr\u00f6vningsmyndigheten, genomf\u00f6rs av KTH &#8211; Kungliga Tekniska H\u00f6gskolan, FST &#8211; Forskningsgruppen f\u00f6r S\u00e4kerhet och Trygghet, Skolan f\u00f6r arkitektur och samh\u00e4llsbyggnad och finansieras av L\u00e4nsf\u00f6rs\u00e4kringars Forskningsfond.<\/p>\n<p style=\"font-size: 16px;font-style: normal;font-weight: 400;margin-top: 1em;margin-bottom: 1em;color: #565656;line-height: 1.5\"><span style=\"font-weight: bold\">V\u00e4lj vilket spr\u00e5k du vill svara p\u00e5 enk\u00e4ten med.<\/span><\/p>\n<p style=\"font-size: 16px;font-style: normal;font-weight: 400;margin-top: 1em;margin-bottom: 1em;color: #565656;line-height: 1.5\"><span style=\"font-weight: bold\">Select the language you would like to use to complete the survey.<\/span><\/p>\t\t\t\t\t\t\t\t<\/div>\n\t\t\t\t<\/div>\n\t\t\t\t\t<\/div>\n\t\t<\/div>\n\t\t\t\t\t<\/div>\n\t\t<\/section>\n\t\t\t\t<section class=\"elementor-section elementor-top-section elementor-element elementor-element-e691e30 elementor-section-boxed elementor-section-height-default elementor-section-height-default\" data-id=\"e691e30\" data-element_type=\"section\" data-e-type=\"section\">\n\t\t\t\t\t\t<div class=\"elementor-container elementor-column-gap-default\">\n\t\t\t\t\t<div class=\"elementor-column elementor-col-25 elementor-top-column elementor-element elementor-element-eab166f\" data-id=\"eab166f\" data-element_type=\"column\" data-e-type=\"column\">\n\t\t\t<div class=\"elementor-widget-wrap elementor-element-populated\">\n\t\t\t\t\t\t<div class=\"elementor-element elementor-element-bda28c5 elementor-widget elementor-widget-image\" data-id=\"bda28c5\" data-element_type=\"widget\" data-e-type=\"widget\" data-widget_type=\"image.default\">\n\t\t\t\t<div class=\"elementor-widget-container\">\n\t\t\t\t\t\t\t\t\t\t\t\t<figure class=\"wp-caption\">\n\t\t\t\t\t\t\t\t\t\t\t<a href=\"https:\/\/tryggabostader.survey.fm\/jm-2\">\n\t\t\t\t\t\t\t<img fetchpriority=\"high\" decoding=\"async\" width=\"800\" height=\"500\" src=\"\/wp-content\/uploads\/sites\/65\/2024\/10\/Sverige.png\" class=\"attachment-large size-large wp-image-1590\" alt=\"\" srcset=\"\/wp-content\/uploads\/sites\/65\/2024\/10\/Sverige.png 800w, \/wp-content\/uploads\/sites\/65\/2024\/10\/Sverige-768x480.png 768w\" sizes=\"(max-width: 800px) 100vw, 800px\" \/>\t\t\t\t\t\t\t\t<\/a>\n\t\t\t\t\t\t\t\t\t\t\t<figcaption class=\"widget-image-caption wp-caption-text\">Svenska<\/figcaption>\n\t\t\t\t\t\t\t\t\t\t<\/figure>\n\t\t\t\t\t\t\t\t\t<\/div>\n\t\t\t\t<\/div>\n\t\t\t\t\t<\/div>\n\t\t<\/div>\n\t\t\t\t<div class=\"elementor-column elementor-col-25 elementor-top-column elementor-element elementor-element-bca7947\" data-id=\"bca7947\" data-element_type=\"column\" data-e-type=\"column\">\n\t\t\t<div class=\"elementor-widget-wrap elementor-element-populated\">\n\t\t\t\t\t\t<div class=\"elementor-element elementor-element-4030dcf elementor-widget elementor-widget-image\" data-id=\"4030dcf\" data-element_type=\"widget\" data-e-type=\"widget\" data-widget_type=\"image.default\">\n\t\t\t\t<div class=\"elementor-widget-container\">\n\t\t\t\t\t\t\t\t\t\t\t\t<figure class=\"wp-caption\">\n\t\t\t\t\t\t\t\t\t\t\t<a href=\"https:\/\/tryggabostader.survey.fm\/jm-2-eng\">\n\t\t\t\t\t\t\t<img decoding=\"async\" width=\"1000\" height=\"600\" src=\"\/wp-content\/uploads\/sites\/65\/2024\/10\/Flag_of_the_United_Kingdom_3-5.png\" class=\"attachment-large size-large wp-image-1592\" alt=\"\" srcset=\"\/wp-content\/uploads\/sites\/65\/2024\/10\/Flag_of_the_United_Kingdom_3-5.png 1000w, \/wp-content\/uploads\/sites\/65\/2024\/10\/Flag_of_the_United_Kingdom_3-5-981x589.png 981w, \/wp-content\/uploads\/sites\/65\/2024\/10\/Flag_of_the_United_Kingdom_3-5-768x461.png 768w\" sizes=\"(max-width: 1000px) 100vw, 1000px\" \/>\t\t\t\t\t\t\t\t<\/a>\n\t\t\t\t\t\t\t\t\t\t\t<figcaption class=\"widget-image-caption wp-caption-text\">English<\/figcaption>\n\t\t\t\t\t\t\t\t\t\t<\/figure>\n\t\t\t\t\t\t\t\t\t<\/div>\n\t\t\t\t<\/div>\n\t\t\t\t\t<\/div>\n\t\t<\/div>\n\t\t\t\t<div class=\"elementor-column elementor-col-25 elementor-top-column elementor-element elementor-element-7eec0ae\" data-id=\"7eec0ae\" data-element_type=\"column\" data-e-type=\"column\">\n\t\t\t<div class=\"elementor-widget-wrap\">\n\t\t\t\t\t\t\t<\/div>\n\t\t<\/div>\n\t\t\t\t<div class=\"elementor-column elementor-col-25 elementor-top-column elementor-element elementor-element-830e18c\" data-id=\"830e18c\" data-element_type=\"column\" data-e-type=\"column\">\n\t\t\t<div class=\"elementor-widget-wrap\">\n\t\t\t\t\t\t\t<\/div>\n\t\t<\/div>\n\t\t\t\t\t<\/div>\n\t\t<\/section>\n\t\t\t\t<\/div>\n\t\t","protected":false},"excerpt":{"rendered":"<p>Din boendeupplevelse och trygghet Tack f\u00f6r att du deltar i v\u00e5r enk\u00e4t! Syftet med den h\u00e4r studien \u00e4r att unders\u00f6ka [&hellip;]<\/p>\n","protected":false},"author":3983,"featured_media":0,"parent":0,"menu_order":0,"comment_status":"closed","ping_status":"closed","template":"","meta":{"_bbp_topic_count":0,"_bbp_reply_count":0,"_bbp_total_topic_count":0,"_bbp_total_reply_count":0,"_bbp_voice_count":0,"_bbp_anonymous_reply_count":0,"_bbp_topic_count_hidden":0,"_bbp_reply_count_hidden":0,"_bbp_forum_subforum_count":0,"site-sidebar-layout":"default","site-content-layout":"","ast-site-content-layout":"default","site-content-style":"default","site-sidebar-style":"default","ast-global-header-display":"","ast-banner-title-visibility":"","ast-main-header-display":"","ast-hfb-above-header-display":"","ast-hfb-below-header-display":"","ast-hfb-mobile-header-display":"","site-post-title":"disabled","ast-breadcrumbs-content":"","ast-featured-img":"","footer-sml-layout":"","ast-disable-related-posts":"","theme-transparent-header-meta":"","adv-header-id-meta":"","stick-header-meta":"","header-above-stick-meta":"","header-main-stick-meta":"","header-below-stick-meta":"","astra-migrate-meta-layouts":"default","ast-page-background-enabled":"default","ast-page-background-meta":{"desktop":{"background-color":"var(--ast-global-color-4)","background-image":"","background-repeat":"repeat","background-position":"center center","background-size":"auto","background-attachment":"scroll","background-type":"","background-media":"","overlay-type":"","overlay-color":"","overlay-opacity":"","overlay-gradient":""},"tablet":{"background-color":"","background-image":"","background-repeat":"repeat","background-position":"center center","background-size":"auto","background-attachment":"scroll","background-type":"","background-media":"","overlay-type":"","overlay-color":"","overlay-opacity":"","overlay-gradient":""},"mobile":{"background-color":"","background-image":"","background-repeat":"repeat","background-position":"center center","background-size":"auto","background-attachment":"scroll","background-type":"","background-media":"","overlay-type":"","overlay-color":"","overlay-opacity":"","overlay-gradient":""}},"ast-content-background-meta":{"desktop":{"background-color":"var(--ast-global-color-5)","background-image":"","background-repeat":"repeat","background-position":"center center","background-size":"auto","background-attachment":"scroll","background-type":"","background-media":"","overlay-type":"","overlay-color":"","overlay-opacity":"","overlay-gradient":""},"tablet":{"background-color":"var(--ast-global-color-5)","background-image":"","background-repeat":"repeat","background-position":"center center","background-size":"auto","background-attachment":"scroll","background-type":"","background-media":"","overlay-type":"","overlay-color":"","overlay-opacity":"","overlay-gradient":""},"mobile":{"background-color":"var(--ast-global-color-5)","background-image":"","background-repeat":"repeat","background-position":"center center","background-size":"auto","background-attachment":"scroll","background-type":"","background-media":"","overlay-type":"","overlay-color":"","overlay-opacity":"","overlay-gradient":""}},"footnotes":"","_links_to":"","_links_to_target":""},"class_list":["post-1624","page","type-page","status-publish","hentry"],"_links":{"self":[{"href":"https:\/\/www.ucs.abe.kth.se\/index.php?rest_route=\/wp\/v2\/pages\/1624","targetHints":{"allow":["GET"]}}],"collection":[{"href":"https:\/\/www.ucs.abe.kth.se\/index.php?rest_route=\/wp\/v2\/pages"}],"about":[{"href":"https:\/\/www.ucs.abe.kth.se\/index.php?rest_route=\/wp\/v2\/types\/page"}],"author":[{"embeddable":true,"href":"https:\/\/www.ucs.abe.kth.se\/index.php?rest_route=\/wp\/v2\/users\/3983"}],"replies":[{"embeddable":true,"href":"https:\/\/www.ucs.abe.kth.se\/index.php?rest_route=%2Fwp%2Fv2%2Fcomments&post=1624"}],"version-history":[{"count":11,"href":"https:\/\/www.ucs.abe.kth.se\/index.php?rest_route=\/wp\/v2\/pages\/1624\/revisions"}],"predecessor-version":[{"id":1644,"href":"https:\/\/www.ucs.abe.kth.se\/index.php?rest_route=\/wp\/v2\/pages\/1624\/revisions\/1644"}],"wp:attachment":[{"href":"https:\/\/www.ucs.abe.kth.se\/index.php?rest_route=%2Fwp%2Fv2%2Fmedia&parent=1624"}],"curies":[{"name":"wp","href":"https:\/\/api.w.org\/{rel}","templated":true}]}}