{"id":1732,"date":"2024-11-29T07:23:04","date_gmt":"2024-11-29T07:23:04","guid":{"rendered":"https:\/\/www.ucs.abe.kth.se\/?page_id=1732"},"modified":"2025-02-14T13:37:37","modified_gmt":"2025-02-14T13:37:37","slug":"riksbyggen-enkat-till-boende-tensta","status":"publish","type":"page","link":"https:\/\/www.ucs.abe.kth.se\/?page_id=1732","title":{"rendered":"Riksbyggen \u2013 Enk\u00e4t till boende \u2013 Tensta"},"content":{"rendered":"\t\t<div data-elementor-type=\"wp-page\" data-elementor-id=\"1732\" class=\"elementor elementor-1732\" data-elementor-post-type=\"page\">\n\t\t\t\t\t\t<section class=\"elementor-section elementor-top-section elementor-element elementor-element-e96a776 elementor-section-boxed elementor-section-height-default elementor-section-height-default\" data-id=\"e96a776\" data-element_type=\"section\" data-e-type=\"section\">\n\t\t\t\t\t\t<div class=\"elementor-container elementor-column-gap-default\">\n\t\t\t\t\t<div class=\"elementor-column elementor-col-100 elementor-top-column elementor-element elementor-element-454061e\" data-id=\"454061e\" data-element_type=\"column\" data-e-type=\"column\">\n\t\t\t<div class=\"elementor-widget-wrap elementor-element-populated\">\n\t\t\t\t\t\t<div class=\"elementor-element elementor-element-7332a1a elementor-widget elementor-widget-heading\" data-id=\"7332a1a\" data-element_type=\"widget\" data-e-type=\"widget\" data-widget_type=\"heading.default\">\n\t\t\t\t<div class=\"elementor-widget-container\">\n\t\t\t\t\t<h2 class=\"elementor-heading-title elementor-size-default\"><h2 data-elementor-setting-key=\"title\" data-pen-placeholder=\"Type Here...\" style=\"font-style: normal;font-weight: var( --e-global-typography-primary-font-weight );font-family: var( --e-global-typography-primary-font-family ), Sans-serif\">Din boendeupplevelse och trygghet<span style=\"color: var( --e-global-color-primary );font-family: var( --e-global-typography-primary-font-family ), Sans-serif;font-size: 1.875rem;font-style: inherit;font-weight: var( --e-global-typography-primary-font-weight );background-color: var(--ast-global-color-5)\"><\/span><\/h2><\/h2>\t\t\t\t<\/div>\n\t\t\t\t<\/div>\n\t\t\t\t\t<\/div>\n\t\t<\/div>\n\t\t\t\t\t<\/div>\n\t\t<\/section>\n\t\t\t\t<section class=\"elementor-section elementor-top-section elementor-element elementor-element-f35b91d elementor-section-boxed elementor-section-height-default elementor-section-height-default\" data-id=\"f35b91d\" data-element_type=\"section\" data-e-type=\"section\">\n\t\t\t\t\t\t<div class=\"elementor-container elementor-column-gap-default\">\n\t\t\t\t\t<div class=\"elementor-column elementor-col-100 elementor-top-column elementor-element elementor-element-847caa3\" data-id=\"847caa3\" data-element_type=\"column\" data-e-type=\"column\">\n\t\t\t<div class=\"elementor-widget-wrap elementor-element-populated\">\n\t\t\t\t\t\t<div class=\"elementor-element elementor-element-7d2e5a8 elementor-widget elementor-widget-text-editor\" data-id=\"7d2e5a8\" data-element_type=\"widget\" data-e-type=\"widget\" data-widget_type=\"text-editor.default\">\n\t\t\t\t<div class=\"elementor-widget-container\">\n\t\t\t\t\t\t\t\t\t<p style=\"font-size: 16px;font-style: normal;font-weight: 400\"><span style=\"font-weight: bold\">V\u00e4lj vilket spr\u00e5k du vill svara p\u00e5 enk\u00e4ten med och klicka p\u00e5 den l\u00e4nk som \u00f6verrensst\u00e4mmer med din adress.<\/span><\/p><p style=\"font-size: 16px;font-style: normal;font-weight: 400\"><span style=\"font-weight: bold;font-style: inherit;color: var( --e-global-color-text );font-family: var( --e-global-typography-text-font-family ), Sans-serif;background-color: var(--ast-global-color-5)\">Select the language you would like to use to complete the survey and click on the link corresponding to your address.\u00a0<\/span><\/p>\t\t\t\t\t\t\t\t<\/div>\n\t\t\t\t<\/div>\n\t\t\t\t\t<\/div>\n\t\t<\/div>\n\t\t\t\t\t<\/div>\n\t\t<\/section>\n\t\t\t\t<section class=\"elementor-section elementor-top-section elementor-element elementor-element-5d52153 elementor-section-boxed elementor-section-height-default elementor-section-height-default\" data-id=\"5d52153\" data-element_type=\"section\" data-e-type=\"section\">\n\t\t\t\t\t\t<div class=\"elementor-container elementor-column-gap-default\">\n\t\t\t\t\t<div class=\"elementor-column elementor-col-25 elementor-top-column elementor-element elementor-element-133d386\" data-id=\"133d386\" data-element_type=\"column\" data-e-type=\"column\">\n\t\t\t<div class=\"elementor-widget-wrap elementor-element-populated\">\n\t\t\t\t\t\t<div class=\"elementor-element elementor-element-7d86fc6 elementor-widget elementor-widget-image\" data-id=\"7d86fc6\" data-element_type=\"widget\" data-e-type=\"widget\" data-widget_type=\"image.default\">\n\t\t\t\t<div class=\"elementor-widget-container\">\n\t\t\t\t\t\t\t\t\t\t\t\t<figure class=\"wp-caption\">\n\t\t\t\t\t\t\t\t\t\t\t<a href=\"https:\/\/tryggabostader.survey.fm\/rb-c10\">\n\t\t\t\t\t\t\t<img fetchpriority=\"high\" decoding=\"async\" width=\"800\" height=\"500\" src=\"\/wp-content\/uploads\/sites\/65\/2024\/10\/Sverige.png\" class=\"attachment-large size-large wp-image-1590\" alt=\"\" srcset=\"\/wp-content\/uploads\/sites\/65\/2024\/10\/Sverige.png 800w, \/wp-content\/uploads\/sites\/65\/2024\/10\/Sverige-768x480.png 768w\" sizes=\"(max-width: 800px) 100vw, 800px\" \/>\t\t\t\t\t\t\t\t<\/a>\n\t\t\t\t\t\t\t\t\t\t\t<figcaption class=\"widget-image-caption wp-caption-text\">Svenska<\/figcaption>\n\t\t\t\t\t\t\t\t\t\t<\/figure>\n\t\t\t\t\t\t\t\t\t<\/div>\n\t\t\t\t<\/div>\n\t\t\t\t<div class=\"elementor-element elementor-element-8c007c0 elementor-widget elementor-widget-text-editor\" data-id=\"8c007c0\" data-element_type=\"widget\" data-e-type=\"widget\" data-widget_type=\"text-editor.default\">\n\t\t\t\t<div class=\"elementor-widget-container\">\n\t\t\t\t\t\t\t\t\t<ul><li><a style=\"font-size: 16px;background-color: #ffffff\" href=\"https:\/\/tryggabostader.survey.fm\/rb-c1\" target=\"_blank\" rel=\"noopener\">Sotingeplan 4-8<\/a><\/li><li><a href=\"https:\/\/tryggabostader.survey.fm\/rb-c2\" target=\"_blank\" rel=\"noopener\">Sotingeplan 10-14<\/a><\/li><li><a href=\"https:\/\/tryggabostader.survey.fm\/rb-c3\" target=\"_blank\" rel=\"noopener\">Sotingeplan 16-20<\/a><\/li><li><a href=\"https:\/\/tryggabostader.survey.fm\/rb-c4\" target=\"_blank\" rel=\"noopener\">Sotingeplan 22-26<\/a><\/li><li><a href=\"https:\/\/tryggabostader.survey.fm\/rb-c5\" target=\"_blank\" rel=\"noopener\">Sotingeplan 28-30<\/a><\/li><li><a href=\"https:\/\/tryggabostader.survey.fm\/rb-c6\" target=\"_blank\" rel=\"noopener\">Sotingeplan 32-40<\/a><\/li><li><a href=\"https:\/\/tryggabostader.survey.fm\/rb-c7\" target=\"_blank\" rel=\"noopener\">Sotingeplan 42-44<\/a><\/li><li><a href=\"https:\/\/tryggabostader.survey.fm\/rb-c8\" target=\"_blank\" rel=\"noopener\">Sotingeplan 46-54<\/a><\/li><li><a href=\"https:\/\/tryggabostader.survey.fm\/rb-c9\" target=\"_blank\" rel=\"noopener\">Sotingeplan 56-74<\/a><\/li><li><a href=\"https:\/\/tryggabostader.survey.fm\/rb-c10\" target=\"_blank\" rel=\"noopener\">Sotingeplan 76-80<\/a><\/li><\/ul>\t\t\t\t\t\t\t\t<\/div>\n\t\t\t\t<\/div>\n\t\t\t\t\t<\/div>\n\t\t<\/div>\n\t\t\t\t<div class=\"elementor-column elementor-col-25 elementor-top-column elementor-element elementor-element-8a1c92d\" data-id=\"8a1c92d\" data-element_type=\"column\" data-e-type=\"column\">\n\t\t\t<div class=\"elementor-widget-wrap elementor-element-populated\">\n\t\t\t\t\t\t<div class=\"elementor-element elementor-element-f4cb8c3 elementor-widget elementor-widget-image\" data-id=\"f4cb8c3\" data-element_type=\"widget\" data-e-type=\"widget\" data-widget_type=\"image.default\">\n\t\t\t\t<div class=\"elementor-widget-container\">\n\t\t\t\t\t\t\t\t\t\t\t\t<figure class=\"wp-caption\">\n\t\t\t\t\t\t\t\t\t\t\t<a href=\"https:\/\/tryggabostader.survey.fm\/rb-c10-eng\">\n\t\t\t\t\t\t\t<img decoding=\"async\" width=\"1000\" height=\"600\" src=\"\/wp-content\/uploads\/sites\/65\/2024\/10\/Flag_of_the_United_Kingdom_3-5.png\" class=\"attachment-large size-large wp-image-1592\" alt=\"\" srcset=\"\/wp-content\/uploads\/sites\/65\/2024\/10\/Flag_of_the_United_Kingdom_3-5.png 1000w, \/wp-content\/uploads\/sites\/65\/2024\/10\/Flag_of_the_United_Kingdom_3-5-981x589.png 981w, \/wp-content\/uploads\/sites\/65\/2024\/10\/Flag_of_the_United_Kingdom_3-5-768x461.png 768w\" sizes=\"(max-width: 1000px) 100vw, 1000px\" \/>\t\t\t\t\t\t\t\t<\/a>\n\t\t\t\t\t\t\t\t\t\t\t<figcaption class=\"widget-image-caption wp-caption-text\">English<\/figcaption>\n\t\t\t\t\t\t\t\t\t\t<\/figure>\n\t\t\t\t\t\t\t\t\t<\/div>\n\t\t\t\t<\/div>\n\t\t\t\t<div class=\"elementor-element elementor-element-749739a elementor-widget elementor-widget-text-editor\" data-id=\"749739a\" data-element_type=\"widget\" data-e-type=\"widget\" data-widget_type=\"text-editor.default\">\n\t\t\t\t<div class=\"elementor-widget-container\">\n\t\t\t\t\t\t\t\t\t<ul><li><a style=\"font-size: 16px;background-color: #ffffff\" href=\"https:\/\/tryggabostader.survey.fm\/rb-c1-eng\" target=\"_blank\" rel=\"noopener\">Sotingeplan 4-8<\/a><\/li><li><a href=\"https:\/\/tryggabostader.survey.fm\/rb-c2-eng\" target=\"_blank\" rel=\"noopener\">Sotingeplan 10-14<\/a><\/li><li><a href=\"https:\/\/tryggabostader.survey.fm\/rb-c3-eng\" target=\"_blank\" rel=\"noopener\">Sotingeplan 16-20<\/a><\/li><li><a href=\"https:\/\/tryggabostader.survey.fm\/rb-c4-eng\" target=\"_blank\" rel=\"noopener\">Sotingeplan 22-26<\/a><\/li><li><a href=\"https:\/\/tryggabostader.survey.fm\/rb-c5-eng\" target=\"_blank\" rel=\"noopener\">Sotingeplan 28-30<\/a><\/li><li><a href=\"https:\/\/tryggabostader.survey.fm\/rb-c6-eng\" target=\"_blank\" rel=\"noopener\">Sotingeplan 32-40<\/a><\/li><li><a href=\"https:\/\/tryggabostader.survey.fm\/rb-c7-eng\" target=\"_blank\" rel=\"noopener\">Sotingeplan 42-44<\/a><\/li><li><a href=\"https:\/\/tryggabostader.survey.fm\/rb-c8-eng\" target=\"_blank\" rel=\"noopener\">Sotingeplan 46-54<\/a><\/li><li><a href=\"https:\/\/tryggabostader.survey.fm\/rb-c9-eng\" target=\"_blank\" rel=\"noopener\">Sotingeplan 56-74<\/a><\/li><li><a href=\"https:\/\/tryggabostader.survey.fm\/rb-c10-eng\" target=\"_blank\" rel=\"noopener\">Sotingeplan 76-80<\/a><\/li><\/ul>\t\t\t\t\t\t\t\t<\/div>\n\t\t\t\t<\/div>\n\t\t\t\t\t<\/div>\n\t\t<\/div>\n\t\t\t\t<div class=\"elementor-column elementor-col-25 elementor-top-column elementor-element elementor-element-2c4572d\" data-id=\"2c4572d\" data-element_type=\"column\" data-e-type=\"column\">\n\t\t\t<div class=\"elementor-widget-wrap\">\n\t\t\t\t\t\t\t<\/div>\n\t\t<\/div>\n\t\t\t\t<div class=\"elementor-column elementor-col-25 elementor-top-column elementor-element elementor-element-8a02156\" data-id=\"8a02156\" data-element_type=\"column\" data-e-type=\"column\">\n\t\t\t<div class=\"elementor-widget-wrap\">\n\t\t\t\t\t\t\t<\/div>\n\t\t<\/div>\n\t\t\t\t\t<\/div>\n\t\t<\/section>\n\t\t\t\t<\/div>\n\t\t","protected":false},"excerpt":{"rendered":"<p>Din boendeupplevelse och trygghet V\u00e4lj vilket spr\u00e5k du vill svara p\u00e5 enk\u00e4ten med och klicka p\u00e5 den l\u00e4nk som \u00f6verrensst\u00e4mmer [&hellip;]<\/p>\n","protected":false},"author":3983,"featured_media":0,"parent":0,"menu_order":0,"comment_status":"closed","ping_status":"closed","template":"","meta":{"_bbp_topic_count":0,"_bbp_reply_count":0,"_bbp_total_topic_count":0,"_bbp_total_reply_count":0,"_bbp_voice_count":0,"_bbp_anonymous_reply_count":0,"_bbp_topic_count_hidden":0,"_bbp_reply_count_hidden":0,"_bbp_forum_subforum_count":0,"site-sidebar-layout":"default","site-content-layout":"","ast-site-content-layout":"default","site-content-style":"default","site-sidebar-style":"default","ast-global-header-display":"","ast-banner-title-visibility":"","ast-main-header-display":"","ast-hfb-above-header-display":"","ast-hfb-below-header-display":"","ast-hfb-mobile-header-display":"","site-post-title":"disabled","ast-breadcrumbs-content":"","ast-featured-img":"","footer-sml-layout":"","ast-disable-related-posts":"","theme-transparent-header-meta":"","adv-header-id-meta":"","stick-header-meta":"","header-above-stick-meta":"","header-main-stick-meta":"","header-below-stick-meta":"","astra-migrate-meta-layouts":"default","ast-page-background-enabled":"default","ast-page-background-meta":{"desktop":{"background-color":"var(--ast-global-color-4)","background-image":"","background-repeat":"repeat","background-position":"center center","background-size":"auto","background-attachment":"scroll","background-type":"","background-media":"","overlay-type":"","overlay-color":"","overlay-opacity":"","overlay-gradient":""},"tablet":{"background-color":"","background-image":"","background-repeat":"repeat","background-position":"center center","background-size":"auto","background-attachment":"scroll","background-type":"","background-media":"","overlay-type":"","overlay-color":"","overlay-opacity":"","overlay-gradient":""},"mobile":{"background-color":"","background-image":"","background-repeat":"repeat","background-position":"center center","background-size":"auto","background-attachment":"scroll","background-type":"","background-media":"","overlay-type":"","overlay-color":"","overlay-opacity":"","overlay-gradient":""}},"ast-content-background-meta":{"desktop":{"background-color":"var(--ast-global-color-5)","background-image":"","background-repeat":"repeat","background-position":"center center","background-size":"auto","background-attachment":"scroll","background-type":"","background-media":"","overlay-type":"","overlay-color":"","overlay-opacity":"","overlay-gradient":""},"tablet":{"background-color":"var(--ast-global-color-5)","background-image":"","background-repeat":"repeat","background-position":"center center","background-size":"auto","background-attachment":"scroll","background-type":"","background-media":"","overlay-type":"","overlay-color":"","overlay-opacity":"","overlay-gradient":""},"mobile":{"background-color":"var(--ast-global-color-5)","background-image":"","background-repeat":"repeat","background-position":"center center","background-size":"auto","background-attachment":"scroll","background-type":"","background-media":"","overlay-type":"","overlay-color":"","overlay-opacity":"","overlay-gradient":""}},"footnotes":"","_links_to":"","_links_to_target":""},"class_list":["post-1732","page","type-page","status-publish","hentry"],"_links":{"self":[{"href":"https:\/\/www.ucs.abe.kth.se\/index.php?rest_route=\/wp\/v2\/pages\/1732","targetHints":{"allow":["GET"]}}],"collection":[{"href":"https:\/\/www.ucs.abe.kth.se\/index.php?rest_route=\/wp\/v2\/pages"}],"about":[{"href":"https:\/\/www.ucs.abe.kth.se\/index.php?rest_route=\/wp\/v2\/types\/page"}],"author":[{"embeddable":true,"href":"https:\/\/www.ucs.abe.kth.se\/index.php?rest_route=\/wp\/v2\/users\/3983"}],"replies":[{"embeddable":true,"href":"https:\/\/www.ucs.abe.kth.se\/index.php?rest_route=%2Fwp%2Fv2%2Fcomments&post=1732"}],"version-history":[{"count":11,"href":"https:\/\/www.ucs.abe.kth.se\/index.php?rest_route=\/wp\/v2\/pages\/1732\/revisions"}],"predecessor-version":[{"id":2362,"href":"https:\/\/www.ucs.abe.kth.se\/index.php?rest_route=\/wp\/v2\/pages\/1732\/revisions\/2362"}],"wp:attachment":[{"href":"https:\/\/www.ucs.abe.kth.se\/index.php?rest_route=%2Fwp%2Fv2%2Fmedia&parent=1732"}],"curies":[{"name":"wp","href":"https:\/\/api.w.org\/{rel}","templated":true}]}}