{"id":41,"date":"2023-10-18T21:43:22","date_gmt":"2023-10-18T20:43:22","guid":{"rendered":"https:\/\/www.ucs.abe.kth.se\/?page_id=41"},"modified":"2024-07-20T21:26:45","modified_gmt":"2024-07-20T20:26:45","slug":"about","status":"publish","type":"page","link":"https:\/\/www.ucs.abe.kth.se\/?page_id=41","title":{"rendered":"About"},"content":{"rendered":"\t\t<div data-elementor-type=\"wp-page\" data-elementor-id=\"41\" class=\"elementor elementor-41\" data-elementor-post-type=\"page\">\n\t\t\t\t\t\t<section class=\"elementor-section elementor-top-section elementor-element elementor-element-653b48b elementor-section-boxed elementor-section-height-default elementor-section-height-default\" data-id=\"653b48b\" data-element_type=\"section\" data-e-type=\"section\">\n\t\t\t\t\t\t<div class=\"elementor-container elementor-column-gap-default\">\n\t\t\t\t\t<div class=\"elementor-column elementor-col-100 elementor-top-column elementor-element elementor-element-b30cecf\" data-id=\"b30cecf\" data-element_type=\"column\" data-e-type=\"column\">\n\t\t\t<div class=\"elementor-widget-wrap elementor-element-populated\">\n\t\t\t\t\t\t<div class=\"elementor-element elementor-element-56babb3 elementor-widget elementor-widget-image\" data-id=\"56babb3\" data-element_type=\"widget\" data-e-type=\"widget\" data-widget_type=\"image.default\">\n\t\t\t\t<div class=\"elementor-widget-container\">\n\t\t\t\t\t\t\t\t\t\t\t\t\t\t\t<img fetchpriority=\"high\" decoding=\"async\" width=\"1080\" height=\"499\" src=\"\/wp-content\/uploads\/sites\/65\/2023\/10\/cropped-shadow.jpg\" class=\"attachment-large size-large wp-image-89\" alt=\"\" srcset=\"\/wp-content\/uploads\/sites\/65\/2023\/10\/cropped-shadow.jpg 1080w, \/wp-content\/uploads\/sites\/65\/2023\/10\/cropped-shadow-981x453.jpg 981w, \/wp-content\/uploads\/sites\/65\/2023\/10\/cropped-shadow-768x355.jpg 768w\" sizes=\"(max-width: 1080px) 100vw, 1080px\" \/>\t\t\t\t\t\t\t\t\t\t\t\t\t\t\t<\/div>\n\t\t\t\t<\/div>\n\t\t\t\t\t<\/div>\n\t\t<\/div>\n\t\t\t\t\t<\/div>\n\t\t<\/section>\n\t\t\t\t<section class=\"elementor-section elementor-top-section elementor-element elementor-element-0917f48 elementor-section-boxed elementor-section-height-default elementor-section-height-default\" data-id=\"0917f48\" data-element_type=\"section\" data-e-type=\"section\">\n\t\t\t\t\t\t<div class=\"elementor-container elementor-column-gap-default\">\n\t\t\t\t\t<div class=\"elementor-column elementor-col-100 elementor-top-column elementor-element elementor-element-07ba169\" data-id=\"07ba169\" data-element_type=\"column\" data-e-type=\"column\">\n\t\t\t<div class=\"elementor-widget-wrap elementor-element-populated\">\n\t\t\t\t\t\t<div class=\"elementor-element elementor-element-ab7524a elementor-widget elementor-widget-text-editor\" data-id=\"ab7524a\" data-element_type=\"widget\" data-e-type=\"widget\" data-widget_type=\"text-editor.default\">\n\t\t\t\t<div class=\"elementor-widget-container\">\n\t\t\t\t\t\t\t\t\t<p>In the <strong>Urban &amp; Community Safety Research Group<\/strong>, we work with a number of issues concerning the built and social environment and people&#8217;s safety and security. A focus in our research is on how the urban environment can be designed to prevent crime and increase security in society. We examine, for example, crime and fear based on an interaction of factors such as gender, age, physical and psychological ability, socio-economic status or other individual characteristics. This may, for example, be about architecture and the construction of residential areas, but also about minor changes in an unsafe or crime-ridden place in a large or smaller, rural municipality. We also work with safety as a public health problem, linking the quality of the built environment to risks of, for example, falling among the elderly or suicide or people&#8217;s access to blue light services.<\/p><p>The group includes a number of researchers, doctoral students and students at KTH and \/ or other universities \/ organizations. The group is currently active collaboration with The City of Stockholm \/ The Swedish National Council for Crime Prevention (BR\u00c5), The Federation of Swedish Farmers (LRF), the Swedish Transport Administration, Karolinska Institutet and S\u00f6dert\u00f6rn University.<\/p><p><a href=\"https:\/\/www.kth.se\/en\/som\/avdelningar\/urbana-studier\/forskning\/urban-community-sa\/forskningsgrupp-for-sakerhet-och-trygghet-fst-1.979766\">The Urban &amp; Community Safety Research Group<\/a>\u00a0 is led by Prof Vania Ceccato.<\/p>\t\t\t\t\t\t\t\t<\/div>\n\t\t\t\t<\/div>\n\t\t\t\t\t<\/div>\n\t\t<\/div>\n\t\t\t\t\t<\/div>\n\t\t<\/section>\n\t\t\t\t<\/div>\n\t\t","protected":false},"excerpt":{"rendered":"<p>\/*! elementor &#8211; v3.23.0 &#8211; 15-07-2024 *\/ .elementor-widget-image{text-align:center}.elementor-widget-image a{display:inline-block}.elementor-widget-image a img[src$=&#8221;.svg&#8221;]{width:48px}.elementor-widget-image img{vertical-align:middle;display:inline-block} In the Urban &amp; Community Safety Research Group, [&hellip;]<\/p>\n","protected":false},"author":201,"featured_media":0,"parent":0,"menu_order":0,"comment_status":"closed","ping_status":"closed","template":"","meta":{"_bbp_topic_count":0,"_bbp_reply_count":0,"_bbp_total_topic_count":0,"_bbp_total_reply_count":0,"_bbp_voice_count":0,"_bbp_anonymous_reply_count":0,"_bbp_topic_count_hidden":0,"_bbp_reply_count_hidden":0,"_bbp_forum_subforum_count":0,"site-sidebar-layout":"default","site-content-layout":"","ast-site-content-layout":"default","site-content-style":"default","site-sidebar-style":"default","ast-global-header-display":"","ast-banner-title-visibility":"","ast-main-header-display":"","ast-hfb-above-header-display":"","ast-hfb-below-header-display":"","ast-hfb-mobile-header-display":"","site-post-title":"","ast-breadcrumbs-content":"","ast-featured-img":"","footer-sml-layout":"","ast-disable-related-posts":"","theme-transparent-header-meta":"","adv-header-id-meta":"","stick-header-meta":"","header-above-stick-meta":"","header-main-stick-meta":"","header-below-stick-meta":"","astra-migrate-meta-layouts":"default","ast-page-background-enabled":"default","ast-page-background-meta":{"desktop":{"background-color":"var(--ast-global-color-4)","background-image":"","background-repeat":"repeat","background-position":"center center","background-size":"auto","background-attachment":"scroll","background-type":"","background-media":"","overlay-type":"","overlay-color":"","overlay-opacity":"","overlay-gradient":""},"tablet":{"background-color":"","background-image":"","background-repeat":"repeat","background-position":"center center","background-size":"auto","background-attachment":"scroll","background-type":"","background-media":"","overlay-type":"","overlay-color":"","overlay-opacity":"","overlay-gradient":""},"mobile":{"background-color":"","background-image":"","background-repeat":"repeat","background-position":"center center","background-size":"auto","background-attachment":"scroll","background-type":"","background-media":"","overlay-type":"","overlay-color":"","overlay-opacity":"","overlay-gradient":""}},"ast-content-background-meta":{"desktop":{"background-color":"var(--ast-global-color-5)","background-image":"","background-repeat":"repeat","background-position":"center center","background-size":"auto","background-attachment":"scroll","background-type":"","background-media":"","overlay-type":"","overlay-color":"","overlay-opacity":"","overlay-gradient":""},"tablet":{"background-color":"var(--ast-global-color-5)","background-image":"","background-repeat":"repeat","background-position":"center center","background-size":"auto","background-attachment":"scroll","background-type":"","background-media":"","overlay-type":"","overlay-color":"","overlay-opacity":"","overlay-gradient":""},"mobile":{"background-color":"var(--ast-global-color-5)","background-image":"","background-repeat":"repeat","background-position":"center center","background-size":"auto","background-attachment":"scroll","background-type":"","background-media":"","overlay-type":"","overlay-color":"","overlay-opacity":"","overlay-gradient":""}},"footnotes":"","_links_to":"","_links_to_target":""},"class_list":["post-41","page","type-page","status-publish","hentry"],"_links":{"self":[{"href":"https:\/\/www.ucs.abe.kth.se\/index.php?rest_route=\/wp\/v2\/pages\/41","targetHints":{"allow":["GET"]}}],"collection":[{"href":"https:\/\/www.ucs.abe.kth.se\/index.php?rest_route=\/wp\/v2\/pages"}],"about":[{"href":"https:\/\/www.ucs.abe.kth.se\/index.php?rest_route=\/wp\/v2\/types\/page"}],"author":[{"embeddable":true,"href":"https:\/\/www.ucs.abe.kth.se\/index.php?rest_route=\/wp\/v2\/users\/201"}],"replies":[{"embeddable":true,"href":"https:\/\/www.ucs.abe.kth.se\/index.php?rest_route=%2Fwp%2Fv2%2Fcomments&post=41"}],"version-history":[{"count":33,"href":"https:\/\/www.ucs.abe.kth.se\/index.php?rest_route=\/wp\/v2\/pages\/41\/revisions"}],"predecessor-version":[{"id":1580,"href":"https:\/\/www.ucs.abe.kth.se\/index.php?rest_route=\/wp\/v2\/pages\/41\/revisions\/1580"}],"wp:attachment":[{"href":"https:\/\/www.ucs.abe.kth.se\/index.php?rest_route=%2Fwp%2Fv2%2Fmedia&parent=41"}],"curies":[{"name":"wp","href":"https:\/\/api.w.org\/{rel}","templated":true}]}}